{"id":11,"date":"2021-02-15T23:40:15","date_gmt":"2021-02-15T22:40:15","guid":{"rendered":"http:\/\/54286975.swh.strato-hosting.eu\/STRATO-apps\/wordpress_04\/clone\/?page_id=11"},"modified":"2025-02-18T09:09:10","modified_gmt":"2025-02-18T08:09:10","slug":"startseite","status":"publish","type":"page","link":"https:\/\/christoph-horner.de\/","title":{"rendered":"Willkommen"},"content":{"rendered":"\n<p class=\"has-text-align-center\"><strong>Fachkompetenz in der fr\u00fchkindlichen Medienbildung<\/strong>: Christoph Horner<\/p>\n\n\n<div class=\"wp-block-image\">\n<figure class=\"aligncenter size-full is-resized\"><img loading=\"lazy\" decoding=\"async\" width=\"703\" height=\"426\" src=\"http:\/\/christoph-horner.de\/wp-content\/uploads\/2023\/05\/kfaksHeydenaber-fuer-Kfaks-23-800x485-2-edited.jpeg\" alt=\"\" class=\"wp-image-437\" style=\"width:406px;height:auto\" srcset=\"https:\/\/christoph-horner.de\/wp-content\/uploads\/2023\/05\/kfaksHeydenaber-fuer-Kfaks-23-800x485-2-edited.jpeg 703w, https:\/\/christoph-horner.de\/wp-content\/uploads\/2023\/05\/kfaksHeydenaber-fuer-Kfaks-23-800x485-2-edited-300x182.jpeg 300w\" sizes=\"auto, (max-width: 703px) 100vw, 703px\" \/><\/figure><\/div>\n\n\n<p class=\"has-text-align-center\">Medienp\u00e4dagogik im Kontext digitaler Bildung<\/p>\n\n\n\n<hr class=\"wp-block-separator has-alpha-channel-opacity\"\/>\n\n\n\n<p class=\"has-text-align-left\"><\/p>\n\n\n\n<div class=\"wp-block-columns is-layout-flex wp-container-core-columns-is-layout-9d6595d7 wp-block-columns-is-layout-flex\">\n<div class=\"wp-block-column is-layout-flow wp-block-column-is-layout-flow\">\n<p class=\"has-normal-font-size\">Auf meiner Homepage finden Sie Ressourcen und Aktualisierungen aus der digitalen Bildung:<\/p>\n\n\n\n<ul class=\"wp-block-list\">\n<li class=\"has-normal-font-size\">Informationen zu meinem Kartenset <a href=\"https:\/\/christoph-horner.de\/?page_id=770\" data-type=\"page\" data-id=\"770\">&#8222;Von App bis Web&#8220;<\/a> und zu meinem Buch <a href=\"https:\/\/christoph-horner.de\/?page_id=628\" data-type=\"page\" data-id=\"628\">&#8222;Medienerziehung in der Kita&#8220;<\/a><\/li>\n\n\n\n<li class=\"has-normal-font-size\">einen <a href=\"https:\/\/christoph-horner.de\/?page_id=616\" data-type=\"page\" data-id=\"616\">Medienp\u00e4dagogik-Blog<\/a>,<\/li>\n\n\n\n<li class=\"has-normal-font-size\">Informationen zu meinen <a href=\"https:\/\/christoph-horner.de\/?page_id=585\" data-type=\"page\" data-id=\"585\">Webinaren und Fachtagungsteilnahmen<\/a><\/li>\n\n\n\n<li class=\"has-normal-font-size\">eine \u00dcbersicht \u00fcber meine Ver\u00f6ffentlichungen in <a href=\"https:\/\/christoph-horner.de\/?p=417\" data-type=\"post\" data-id=\"417\">Fachzeitschriften<\/a> und <a href=\"https:\/\/christoph-horner.de\/?p=603\" data-type=\"post\" data-id=\"603\">Online-Portalen<\/a>.<\/li>\n<\/ul>\n\n\n\n<h5 class=\"wp-block-heading\">Abschl\u00fcsse und Qualifikationen<\/h5>\n\n\n\n<details class=\"wp-block-details is-layout-flow wp-block-details-is-layout-flow\"><summary>Details<\/summary>\n<ul class=\"wp-block-list\">\n<li class=\"has-normal-font-size\">Grundst\u00e4ndiges Studium der P\u00e4dagogik (M.A.)<\/li>\n\n\n\n<li class=\"has-normal-font-size\">Lehrberechtigung an beruflichen Schulen<\/li>\n\n\n\n<li class=\"has-normal-font-size\">Schulleiter und Lehrer f\u00fcr Medienp\u00e4dagogik<\/li>\n\n\n\n<li class=\"has-normal-font-size\">fr\u00fchere Aktivit\u00e4ten:\n<ul class=\"wp-block-list\">\n<li>Vorsitzender der LAG Kath. Berufsfachschulen Bayern<\/li>\n\n\n\n<li>R\u00fcckversicherungskoordinator in der Berufsp\u00e4dagogik<\/li>\n\n\n\n<li>Lehrgangsleiter und Projektmitarbeiter<\/li>\n<\/ul>\n<\/li>\n<\/ul>\n<\/details>\n<\/div>\n<\/div>\n\n\n\n<h5 class=\"wp-block-heading\">Das Bildungsziel &#8222;Medienkompetenz&#8220; in Kita und Schule<\/h5>\n\n\n\n<details class=\"wp-block-details is-layout-flow wp-block-details-is-layout-flow\"><summary>Details<\/summary>\n<p>&#8230; ber\u00fccksichtigt Alter und Entwicklung von Kindern und Jugendlichen. Kritisch-reflexiv werden Chancen und Risiken pr\u00e4zise wahrgenommen.<\/p>\n\n\n\n<p>&#8230; digitale Bildung bedeutet f\u00fcr Einrichungen immer auch Elternarbeit.<\/p>\n<\/details>\n\n\n\n<h5 class=\"wp-block-heading\">Zusammenarbeit: Pers\u00f6nlich. Digital. Medial.<\/h5>\n\n\n\n<p>Ich unterst\u00fctze Ihr Team, Ihre Einrichtung oder Ihren Tr\u00e4ger gerne bei Teamtagen, Seminaren oder Elternabenden mit.<\/p>\n\n\n\n<details class=\"wp-block-details is-layout-flow wp-block-details-is-layout-flow\"><summary>Details<\/summary>\n<ul class=\"wp-block-list\">\n<li>Kreative Medienerziehung: Tipps und Materialien f\u00fcr die inhaltliche Gestaltung der digitalen Bildung vor Ort<\/li>\n\n\n\n<li>Wissen \u00fcber die kindliche Medienwelt, beliebte \/ typische Mediennutzung, Umgangsregeln mit Medien<\/li>\n\n\n\n<li>\u00dcberblick \u00fcber Begriffe wie Medienp\u00e4dagogik, digitale Bildung, Medienkompentenz<\/li>\n\n\n\n<li>Erfahrungsaustausch, Diskussion \u00fcber Trends sowie Chancen und Risiken der Medienp\u00e4dagogik<\/li>\n<\/ul>\n\n\n\n<p>Ich kann Sie dr\u00fcber hinaus bei Elternveranstaltung rund um das Themenfeld &#8222;Digitale Bildung&#8220; unterst\u00fctzen. Schreiben Sie mir unter medienerziehung@christoph-horner.de. Ich freue mich \u00fcber Ihre Nachricht. Danke!<\/p>\n<\/details>\n","protected":false},"excerpt":{"rendered":"<p>Fachkompetenz in der fr\u00fchkindlichen Medienbildung: Christoph Horner Medienp\u00e4dagogik im Kontext digitaler Bildung Auf meiner Homepage finden Sie Ressourcen und Aktualisierungen aus der digitalen Bildung: Abschl\u00fcsse und Qualifikationen Das Bildungsziel &#8222;Medienkompetenz&#8220; in Kita und Schule Zusammenarbeit: Pers\u00f6nlich. Digital. Medial. Ich unterst\u00fctze Ihr Team, Ihre Einrichtung oder Ihren Tr\u00e4ger gerne bei Teamtagen, Seminaren oder Elternabenden mit.<\/p>\n","protected":false},"author":1,"featured_media":0,"parent":0,"menu_order":0,"comment_status":"closed","ping_status":"closed","template":"templates\/template-full-width.php","meta":{"footnotes":""},"class_list":["post-11","page","type-page","status-publish","hentry"],"_links":{"self":[{"href":"https:\/\/christoph-horner.de\/index.php?rest_route=\/wp\/v2\/pages\/11","targetHints":{"allow":["GET"]}}],"collection":[{"href":"https:\/\/christoph-horner.de\/index.php?rest_route=\/wp\/v2\/pages"}],"about":[{"href":"https:\/\/christoph-horner.de\/index.php?rest_route=\/wp\/v2\/types\/page"}],"author":[{"embeddable":true,"href":"https:\/\/christoph-horner.de\/index.php?rest_route=\/wp\/v2\/users\/1"}],"replies":[{"embeddable":true,"href":"https:\/\/christoph-horner.de\/index.php?rest_route=%2Fwp%2Fv2%2Fcomments&post=11"}],"version-history":[{"count":100,"href":"https:\/\/christoph-horner.de\/index.php?rest_route=\/wp\/v2\/pages\/11\/revisions"}],"predecessor-version":[{"id":810,"href":"https:\/\/christoph-horner.de\/index.php?rest_route=\/wp\/v2\/pages\/11\/revisions\/810"}],"wp:attachment":[{"href":"https:\/\/christoph-horner.de\/index.php?rest_route=%2Fwp%2Fv2%2Fmedia&parent=11"}],"curies":[{"name":"wp","href":"https:\/\/api.w.org\/{rel}","templated":true}]}}