{"id":628,"date":"2023-08-24T14:45:07","date_gmt":"2023-08-24T13:45:07","guid":{"rendered":"https:\/\/christoph-horner.de\/?page_id=628"},"modified":"2023-08-24T18:27:07","modified_gmt":"2023-08-24T17:27:07","slug":"fachbuch-medienerziehung-in-der-kita","status":"publish","type":"page","link":"https:\/\/christoph-horner.de\/?page_id=628","title":{"rendered":"Fachbuch &#8222;Medienerziehung in der Kita&#8220;"},"content":{"rendered":"\n<p>In diesem Segment erhalten Sie einen detaillierten \u00dcberblick \u00fcber mein <a href=\"https:\/\/christoph-horner.de\/?p=567\" data-type=\"post\" data-id=\"567\">Fachbuch<\/a>, welches praxisnahe Strategien und Methoden der Medienp\u00e4dagogik in der fr\u00fchkindlichen Bildung beleuchtet. Es dient als Leitfaden f\u00fcr p\u00e4dagogische Fachkr\u00e4fte, die Kindern eine kompetente und sichere Mediennutzung n\u00e4herbringen m\u00f6chten. Au\u00dferdem finden Sie <a href=\"https:\/\/christoph-horner.de\/?p=368\" data-type=\"post\" data-id=\"368\">Rezensionen und Feedback<\/a> zum Buch. <\/p>\n","protected":false},"excerpt":{"rendered":"<p>In diesem Segment erhalten Sie einen detaillierten \u00dcberblick \u00fcber mein Fachbuch, welches praxisnahe Strategien und Methoden der Medienp\u00e4dagogik in der fr\u00fchkindlichen Bildung beleuchtet. Es dient als Leitfaden f\u00fcr p\u00e4dagogische Fachkr\u00e4fte, die Kindern eine kompetente und sichere Mediennutzung n\u00e4herbringen m\u00f6chten. Au\u00dferdem finden Sie Rezensionen und Feedback zum Buch.<\/p>\n","protected":false},"author":1,"featured_media":0,"parent":0,"menu_order":0,"comment_status":"closed","ping_status":"closed","template":"","meta":{"footnotes":""},"class_list":["post-628","page","type-page","status-publish","hentry"],"_links":{"self":[{"href":"https:\/\/christoph-horner.de\/index.php?rest_route=\/wp\/v2\/pages\/628","targetHints":{"allow":["GET"]}}],"collection":[{"href":"https:\/\/christoph-horner.de\/index.php?rest_route=\/wp\/v2\/pages"}],"about":[{"href":"https:\/\/christoph-horner.de\/index.php?rest_route=\/wp\/v2\/types\/page"}],"author":[{"embeddable":true,"href":"https:\/\/christoph-horner.de\/index.php?rest_route=\/wp\/v2\/users\/1"}],"replies":[{"embeddable":true,"href":"https:\/\/christoph-horner.de\/index.php?rest_route=%2Fwp%2Fv2%2Fcomments&post=628"}],"version-history":[{"count":3,"href":"https:\/\/christoph-horner.de\/index.php?rest_route=\/wp\/v2\/pages\/628\/revisions"}],"predecessor-version":[{"id":643,"href":"https:\/\/christoph-horner.de\/index.php?rest_route=\/wp\/v2\/pages\/628\/revisions\/643"}],"wp:attachment":[{"href":"https:\/\/christoph-horner.de\/index.php?rest_route=%2Fwp%2Fv2%2Fmedia&parent=628"}],"curies":[{"name":"wp","href":"https:\/\/api.w.org\/{rel}","templated":true}]}}