{"id":770,"date":"2025-02-17T21:59:17","date_gmt":"2025-02-17T20:59:17","guid":{"rendered":"https:\/\/christoph-horner.de\/?page_id=770"},"modified":"2025-02-17T23:47:21","modified_gmt":"2025-02-17T22:47:21","slug":"kartenset-von-app-bis-web","status":"publish","type":"page","link":"https:\/\/christoph-horner.de\/?page_id=770","title":{"rendered":"Kartenset &#8222;Von App bis Web&#8220;"},"content":{"rendered":"\n<p>Auf dieser Seite finden Sie ausf\u00fchrliche Informationen zu meinem <a href=\"https:\/\/christoph-horner.de\/?p=783\" data-type=\"post\" data-id=\"783\">DinA5-Kartenset<\/a> zur Medienkompetenz f\u00fcr Kinder im Alter von 3 bis 8 Jahren. Das Set umfasst 30 praxisnahe Ideen zur digitalen Bildung und Medienerziehung f\u00fcr Kita, Grundschule und Hort. Erg\u00e4nzend steht ein Downloadbereich mit aktuellen Materialien zur Verf\u00fcgung. Ein Begleitheft bietet wertvolle Tipps zur Ausstattung, technischen Umsetzung und rechtlichen Aspekten der digitalen Mediennutzung im p\u00e4dagogischen Alltag. Zudem k\u00f6nnen Sie <a href=\"https:\/\/christoph-horner.de\/?p=786\" data-type=\"post\" data-id=\"786\">Rezensionen und Feedback <\/a>zum Kartenset einsehen.<\/p>\n\n\n\n<p><\/p>\n","protected":false},"excerpt":{"rendered":"<p>Auf dieser Seite finden Sie ausf\u00fchrliche Informationen zu meinem DinA5-Kartenset zur Medienkompetenz f\u00fcr Kinder im Alter von 3 bis 8 Jahren. Das Set umfasst 30 praxisnahe Ideen zur digitalen Bildung und Medienerziehung f\u00fcr Kita, Grundschule und Hort. Erg\u00e4nzend steht ein Downloadbereich mit aktuellen Materialien zur Verf\u00fcgung. Ein Begleitheft bietet wertvolle Tipps zur Ausstattung, technischen Umsetzung [&hellip;]<\/p>\n","protected":false},"author":1,"featured_media":0,"parent":0,"menu_order":0,"comment_status":"closed","ping_status":"closed","template":"","meta":{"footnotes":""},"class_list":["post-770","page","type-page","status-publish","hentry"],"_links":{"self":[{"href":"https:\/\/christoph-horner.de\/index.php?rest_route=\/wp\/v2\/pages\/770","targetHints":{"allow":["GET"]}}],"collection":[{"href":"https:\/\/christoph-horner.de\/index.php?rest_route=\/wp\/v2\/pages"}],"about":[{"href":"https:\/\/christoph-horner.de\/index.php?rest_route=\/wp\/v2\/types\/page"}],"author":[{"embeddable":true,"href":"https:\/\/christoph-horner.de\/index.php?rest_route=\/wp\/v2\/users\/1"}],"replies":[{"embeddable":true,"href":"https:\/\/christoph-horner.de\/index.php?rest_route=%2Fwp%2Fv2%2Fcomments&post=770"}],"version-history":[{"count":3,"href":"https:\/\/christoph-horner.de\/index.php?rest_route=\/wp\/v2\/pages\/770\/revisions"}],"predecessor-version":[{"id":807,"href":"https:\/\/christoph-horner.de\/index.php?rest_route=\/wp\/v2\/pages\/770\/revisions\/807"}],"wp:attachment":[{"href":"https:\/\/christoph-horner.de\/index.php?rest_route=%2Fwp%2Fv2%2Fmedia&parent=770"}],"curies":[{"name":"wp","href":"https:\/\/api.w.org\/{rel}","templated":true}]}}